{"id":877,"date":"2022-11-03T14:33:04","date_gmt":"2022-11-03T14:33:04","guid":{"rendered":"http:\/\/ferreiraavelar.pt\/?page_id=877"},"modified":"2022-11-16T17:09:52","modified_gmt":"2022-11-16T17:09:52","slug":"aviso-legal","status":"publish","type":"page","link":"https:\/\/ferreiraavelar.pt\/en\/aviso-legal\/","title":{"rendered":"Legal Notice"},"content":{"rendered":"<div data-elementor-type=\"wp-page\" data-elementor-id=\"877\" class=\"elementor elementor-877\" data-elementor-post-type=\"page\">\n\t\t\t\t\t\t<section class=\"elementor-section elementor-top-section elementor-element elementor-element-067b2d4 elementor-section-boxed elementor-section-height-default elementor-section-height-default\" data-id=\"067b2d4\" data-element_type=\"section\" data-e-type=\"section\">\n\t\t\t\t\t\t<div class=\"elementor-container elementor-column-gap-default\">\n\t\t\t\t\t<div class=\"elementor-column elementor-col-100 elementor-top-column elementor-element elementor-element-1d3acd5\" data-id=\"1d3acd5\" data-element_type=\"column\" data-e-type=\"column\">\n\t\t\t<div class=\"elementor-widget-wrap elementor-element-populated\">\n\t\t\t\t\t\t<div class=\"elementor-element elementor-element-9addf95 elementor-invisible elementor-widget elementor-widget-heading\" data-id=\"9addf95\" data-element_type=\"widget\" data-e-type=\"widget\" data-settings=\"{&quot;_animation&quot;:&quot;fadeInLeft&quot;}\" data-widget_type=\"heading.default\">\n\t\t\t\t<div class=\"elementor-widget-container\">\n\t\t\t\t\t<h4 class=\"elementor-heading-title elementor-size-default\">Legal Notice<\/h4>\t\t\t\t<\/div>\n\t\t\t\t<\/div>\n\t\t\t\t\t<\/div>\n\t\t<\/div>\n\t\t\t\t\t<\/div>\n\t\t<\/section>\n\t\t\t\t<section class=\"elementor-section elementor-top-section elementor-element elementor-element-7e854fd elementor-section-boxed elementor-section-height-default elementor-section-height-default\" data-id=\"7e854fd\" data-element_type=\"section\" data-e-type=\"section\">\n\t\t\t\t\t\t<div class=\"elementor-container elementor-column-gap-default\">\n\t\t\t\t\t<div class=\"elementor-column elementor-col-100 elementor-top-column elementor-element elementor-element-ec864c3\" data-id=\"ec864c3\" data-element_type=\"column\" data-e-type=\"column\">\n\t\t\t<div class=\"elementor-widget-wrap elementor-element-populated\">\n\t\t\t\t\t\t<div class=\"elementor-element elementor-element-87300fa elementor-widget elementor-widget-spacer\" data-id=\"87300fa\" data-element_type=\"widget\" data-e-type=\"widget\" data-widget_type=\"spacer.default\">\n\t\t\t\t<div class=\"elementor-widget-container\">\n\t\t\t\t\t\t\t<div class=\"elementor-spacer\">\n\t\t\t<div class=\"elementor-spacer-inner\"><\/div>\n\t\t<\/div>\n\t\t\t\t\t\t<\/div>\n\t\t\t\t<\/div>\n\t\t\t\t<div class=\"elementor-element elementor-element-5145a8d elementor-widget elementor-widget-text-editor\" data-id=\"5145a8d\" data-element_type=\"widget\" data-e-type=\"widget\" data-widget_type=\"text-editor.default\">\n\t\t\t\t<div class=\"elementor-widget-container\">\n\t\t\t\t\t\t\t\t\t<p>By accessing and consulting this site you agree without restriction to the following conditions of use:<br \/><br \/>All content on this website is owned or controlled by the company <strong>FERREIRA AVELAR &amp; IRM\u00c3O, LDA<\/strong>. and is protected by international copyright laws. You may download the content for personal use for non-commercial purposes only, but modification or further reproduction of the content is not permitted. Otherwise, the content may not be copied or used in any way.<br \/><br \/>The owners of this website will use reasonable efforts to include up-to-date and accurate information on this website, but make no representations, warranties or assurances as to the accuracy, acceptability, or completeness of the information provided.<br \/><br \/>The owners of this website shall not be liable for any damages or injury resulting from your access to, or inability to access, this website, or from your reliance on any information provided on this website.<br \/><br \/>This website may present links or references to other websites, but the owners of this website have no responsibility for the content of Third Party websites and cannot be held liable for any damage or loss arising from such content. Any links to other sites are presented merely as a convenience to the users of this website. Any personally identifiable information in electronic communications to this site is regulated by the\u00a0<strong>Privacy Policy<\/strong>\u00a0of the same.<br \/><br \/>The owners of this site shall be free to use or copy all other information in such communications, including any ideas, inventions, concepts, techniques or know-how disclosed therein, for any purpose. Such purposes may include disclosure to third parties and\/or the development, manufacture and\/or marketing of goods and services.<br \/><br \/>The sender of any communications to this website or otherwise to the owners of this website shall be responsible for the content and information contained therein, including its authenticity and accuracy.<br \/><br \/>The content of this site is intended to be a service to its visitors.<br \/><br \/>At any time the owner shall be free to amend this site without notice.<\/p>\t\t\t\t\t\t\t\t<\/div>\n\t\t\t\t<\/div>\n\t\t\t\t<div class=\"elementor-element elementor-element-05d55a8 elementor-widget elementor-widget-spacer\" data-id=\"05d55a8\" data-element_type=\"widget\" data-e-type=\"widget\" data-widget_type=\"spacer.default\">\n\t\t\t\t<div class=\"elementor-widget-container\">\n\t\t\t\t\t\t\t<div class=\"elementor-spacer\">\n\t\t\t<div class=\"elementor-spacer-inner\"><\/div>\n\t\t<\/div>\n\t\t\t\t\t\t<\/div>\n\t\t\t\t<\/div>\n\t\t\t\t\t<\/div>\n\t\t<\/div>\n\t\t\t\t\t<\/div>\n\t\t<\/section>\n\t\t\t\t<\/div>","protected":false},"excerpt":{"rendered":"<p>Aviso Legal Ao aceder e consultar este site concorda sem restri\u00e7\u00f5es com as seguintes condi\u00e7\u00f5es de uso: Todo o conte\u00fado deste site da Internet \u00e9 propriedade ou \u00e9 controlado pela empresa FERREIRA AVELAR &amp; IRM\u00c3O, LDA. e est\u00e1 protegido pelas leis internacionais do copyright. Pode fazer download do conte\u00fado apenas para uso pessoal para fins [&hellip;]<\/p>\n","protected":false},"author":1,"featured_media":0,"parent":0,"menu_order":8,"comment_status":"closed","ping_status":"closed","template":"","meta":{"footnotes":""},"class_list":["post-877","page","type-page","status-publish","hentry"],"yoast_head":"<!-- This site is optimized with the Yoast SEO Premium plugin v19.5 (Yoast SEO v24.0) - https:\/\/yoast.com\/wordpress\/plugins\/seo\/ -->\n<title>Aviso Legal - Ferreira Avelar<\/title>\n<meta name=\"robots\" content=\"index, follow, max-snippet:-1, max-image-preview:large, max-video-preview:-1\" \/>\n<link rel=\"canonical\" href=\"https:\/\/ferreiraavelar.pt\/en\/aviso-legal\/\" \/>\n<meta property=\"og:locale\" content=\"en_GB\" \/>\n<meta property=\"og:type\" content=\"article\" \/>\n<meta property=\"og:title\" content=\"Aviso Legal\" \/>\n<meta property=\"og:description\" content=\"Aviso Legal Ao aceder e consultar este site concorda sem restri\u00e7\u00f5es com as seguintes condi\u00e7\u00f5es de uso: Todo o conte\u00fado deste site da Internet \u00e9 propriedade ou \u00e9 controlado pela empresa FERREIRA AVELAR &amp; IRM\u00c3O, LDA. e est\u00e1 protegido pelas leis internacionais do copyright. Pode fazer download do conte\u00fado apenas para uso pessoal para fins [&hellip;]\" \/>\n<meta property=\"og:url\" content=\"https:\/\/ferreiraavelar.pt\/en\/aviso-legal\/\" \/>\n<meta property=\"og:site_name\" content=\"Ferreira Avelar\" \/>\n<meta property=\"article:publisher\" content=\"https:\/\/www.facebook.com\/profile.php?id=100086281223442\" \/>\n<meta property=\"article:modified_time\" content=\"2022-11-16T17:09:52+00:00\" \/>\n<meta name=\"twitter:card\" content=\"summary_large_image\" \/>\n<meta name=\"twitter:label1\" content=\"Estimated reading time\" \/>\n\t<meta name=\"twitter:data1\" content=\"2 minutes\" \/>\n<script type=\"application\/ld+json\" class=\"yoast-schema-graph\">{\"@context\":\"https:\/\/schema.org\",\"@graph\":[{\"@type\":\"WebPage\",\"@id\":\"https:\/\/ferreiraavelar.pt\/aviso-legal\/\",\"url\":\"https:\/\/ferreiraavelar.pt\/aviso-legal\/\",\"name\":\"Aviso Legal - Ferreira Avelar\",\"isPartOf\":{\"@id\":\"https:\/\/ferreiraavelar.pt\/#website\"},\"datePublished\":\"2022-11-03T14:33:04+00:00\",\"dateModified\":\"2022-11-16T17:09:52+00:00\",\"inLanguage\":\"en-GB\",\"potentialAction\":[{\"@type\":\"ReadAction\",\"target\":[\"https:\/\/ferreiraavelar.pt\/aviso-legal\/\"]}]},{\"@type\":\"WebSite\",\"@id\":\"https:\/\/ferreiraavelar.pt\/#website\",\"url\":\"https:\/\/ferreiraavelar.pt\/\",\"name\":\"Ferreira Avelar\",\"description\":\"Since 1947\",\"publisher\":{\"@id\":\"https:\/\/ferreiraavelar.pt\/#organization\"},\"potentialAction\":[{\"@type\":\"SearchAction\",\"target\":{\"@type\":\"EntryPoint\",\"urlTemplate\":\"https:\/\/ferreiraavelar.pt\/?s={search_term_string}\"},\"query-input\":{\"@type\":\"PropertyValueSpecification\",\"valueRequired\":true,\"valueName\":\"search_term_string\"}}],\"inLanguage\":\"en-GB\"},{\"@type\":\"Organization\",\"@id\":\"https:\/\/ferreiraavelar.pt\/#organization\",\"name\":\"Ferreira Avelar\",\"url\":\"https:\/\/ferreiraavelar.pt\/\",\"logo\":{\"@type\":\"ImageObject\",\"inLanguage\":\"en-GB\",\"@id\":\"https:\/\/ferreiraavelar.pt\/#\/schema\/logo\/image\/\",\"url\":\"https:\/\/ferreiraavelar.pt\/wp-content\/uploads\/2022\/10\/logo-avelar-branco-e1666016658153.png\",\"contentUrl\":\"https:\/\/ferreiraavelar.pt\/wp-content\/uploads\/2022\/10\/logo-avelar-branco-e1666016658153.png\",\"width\":246,\"height\":80,\"caption\":\"Ferreira Avelar\"},\"image\":{\"@id\":\"https:\/\/ferreiraavelar.pt\/#\/schema\/logo\/image\/\"},\"sameAs\":[\"https:\/\/www.facebook.com\/profile.php?id=100086281223442\",\"https:\/\/www.instagram.com\/ferreiraavelar_shoes\/\",\"https:\/\/www.linkedin.com\/company\/ferreira-avelar\/\"]}]}<\/script>\n<!-- \/ Yoast SEO Premium plugin. -->","yoast_head_json":{"title":"Aviso Legal - Ferreira Avelar","robots":{"index":"index","follow":"follow","max-snippet":"max-snippet:-1","max-image-preview":"max-image-preview:large","max-video-preview":"max-video-preview:-1"},"canonical":"https:\/\/ferreiraavelar.pt\/en\/aviso-legal\/","og_locale":"en_GB","og_type":"article","og_title":"Aviso Legal","og_description":"Aviso Legal Ao aceder e consultar este site concorda sem restri\u00e7\u00f5es com as seguintes condi\u00e7\u00f5es de uso: Todo o conte\u00fado deste site da Internet \u00e9 propriedade ou \u00e9 controlado pela empresa FERREIRA AVELAR &amp; IRM\u00c3O, LDA. e est\u00e1 protegido pelas leis internacionais do copyright. Pode fazer download do conte\u00fado apenas para uso pessoal para fins [&hellip;]","og_url":"https:\/\/ferreiraavelar.pt\/en\/aviso-legal\/","og_site_name":"Ferreira Avelar","article_publisher":"https:\/\/www.facebook.com\/profile.php?id=100086281223442","article_modified_time":"2022-11-16T17:09:52+00:00","twitter_card":"summary_large_image","twitter_misc":{"Estimated reading time":"2 minutes"},"schema":{"@context":"https:\/\/schema.org","@graph":[{"@type":"WebPage","@id":"https:\/\/ferreiraavelar.pt\/aviso-legal\/","url":"https:\/\/ferreiraavelar.pt\/aviso-legal\/","name":"Aviso Legal - Ferreira Avelar","isPartOf":{"@id":"https:\/\/ferreiraavelar.pt\/#website"},"datePublished":"2022-11-03T14:33:04+00:00","dateModified":"2022-11-16T17:09:52+00:00","inLanguage":"en-GB","potentialAction":[{"@type":"ReadAction","target":["https:\/\/ferreiraavelar.pt\/aviso-legal\/"]}]},{"@type":"WebSite","@id":"https:\/\/ferreiraavelar.pt\/#website","url":"https:\/\/ferreiraavelar.pt\/","name":"Ferreira Avelar","description":"Since 1947","publisher":{"@id":"https:\/\/ferreiraavelar.pt\/#organization"},"potentialAction":[{"@type":"SearchAction","target":{"@type":"EntryPoint","urlTemplate":"https:\/\/ferreiraavelar.pt\/?s={search_term_string}"},"query-input":{"@type":"PropertyValueSpecification","valueRequired":true,"valueName":"search_term_string"}}],"inLanguage":"en-GB"},{"@type":"Organization","@id":"https:\/\/ferreiraavelar.pt\/#organization","name":"Ferreira Avelar","url":"https:\/\/ferreiraavelar.pt\/","logo":{"@type":"ImageObject","inLanguage":"en-GB","@id":"https:\/\/ferreiraavelar.pt\/#\/schema\/logo\/image\/","url":"https:\/\/ferreiraavelar.pt\/wp-content\/uploads\/2022\/10\/logo-avelar-branco-e1666016658153.png","contentUrl":"https:\/\/ferreiraavelar.pt\/wp-content\/uploads\/2022\/10\/logo-avelar-branco-e1666016658153.png","width":246,"height":80,"caption":"Ferreira Avelar"},"image":{"@id":"https:\/\/ferreiraavelar.pt\/#\/schema\/logo\/image\/"},"sameAs":["https:\/\/www.facebook.com\/profile.php?id=100086281223442","https:\/\/www.instagram.com\/ferreiraavelar_shoes\/","https:\/\/www.linkedin.com\/company\/ferreira-avelar\/"]}]}},"_links":{"self":[{"href":"https:\/\/ferreiraavelar.pt\/en\/wp-json\/wp\/v2\/pages\/877","targetHints":{"allow":["GET"]}}],"collection":[{"href":"https:\/\/ferreiraavelar.pt\/en\/wp-json\/wp\/v2\/pages"}],"about":[{"href":"https:\/\/ferreiraavelar.pt\/en\/wp-json\/wp\/v2\/types\/page"}],"author":[{"embeddable":true,"href":"https:\/\/ferreiraavelar.pt\/en\/wp-json\/wp\/v2\/users\/1"}],"replies":[{"embeddable":true,"href":"https:\/\/ferreiraavelar.pt\/en\/wp-json\/wp\/v2\/comments?post=877"}],"version-history":[{"count":0,"href":"https:\/\/ferreiraavelar.pt\/en\/wp-json\/wp\/v2\/pages\/877\/revisions"}],"wp:attachment":[{"href":"https:\/\/ferreiraavelar.pt\/en\/wp-json\/wp\/v2\/media?parent=877"}],"curies":[{"name":"wp","href":"https:\/\/api.w.org\/{rel}","templated":true}]}}