{"id":884,"date":"2022-11-03T14:36:06","date_gmt":"2022-11-03T14:36:06","guid":{"rendered":"http:\/\/ferreiraavelar.pt\/?page_id=884"},"modified":"2022-11-16T17:09:40","modified_gmt":"2022-11-16T17:09:40","slug":"politicas-de-privacidade","status":"publish","type":"page","link":"https:\/\/ferreiraavelar.pt\/en\/politicas-de-privacidade\/","title":{"rendered":"Privacy Policy"},"content":{"rendered":"<div data-elementor-type=\"wp-page\" data-elementor-id=\"884\" class=\"elementor elementor-884\" data-elementor-post-type=\"page\">\n\t\t\t\t\t\t<section class=\"elementor-section elementor-top-section elementor-element elementor-element-1ecac3a elementor-section-boxed elementor-section-height-default elementor-section-height-default\" data-id=\"1ecac3a\" data-element_type=\"section\" data-e-type=\"section\">\n\t\t\t\t\t\t<div class=\"elementor-container elementor-column-gap-default\">\n\t\t\t\t\t<div class=\"elementor-column elementor-col-100 elementor-top-column elementor-element elementor-element-c3f9aba\" data-id=\"c3f9aba\" data-element_type=\"column\" data-e-type=\"column\">\n\t\t\t<div class=\"elementor-widget-wrap elementor-element-populated\">\n\t\t\t\t\t\t<div class=\"elementor-element elementor-element-2357a69 elementor-invisible elementor-widget elementor-widget-heading\" data-id=\"2357a69\" data-element_type=\"widget\" data-e-type=\"widget\" data-settings=\"{&quot;_animation&quot;:&quot;fadeInLeft&quot;}\" data-widget_type=\"heading.default\">\n\t\t\t\t<div class=\"elementor-widget-container\">\n\t\t\t\t\t<h4 class=\"elementor-heading-title elementor-size-default\">Privacy Policy<\/h4>\t\t\t\t<\/div>\n\t\t\t\t<\/div>\n\t\t\t\t\t<\/div>\n\t\t<\/div>\n\t\t\t\t\t<\/div>\n\t\t<\/section>\n\t\t\t\t<section class=\"elementor-section elementor-top-section elementor-element elementor-element-3f4e00f elementor-section-boxed elementor-section-height-default elementor-section-height-default\" data-id=\"3f4e00f\" data-element_type=\"section\" data-e-type=\"section\">\n\t\t\t\t\t\t<div class=\"elementor-container elementor-column-gap-default\">\n\t\t\t\t\t<div class=\"elementor-column elementor-col-100 elementor-top-column elementor-element elementor-element-d6bfff1\" data-id=\"d6bfff1\" data-element_type=\"column\" data-e-type=\"column\">\n\t\t\t<div class=\"elementor-widget-wrap elementor-element-populated\">\n\t\t\t\t\t\t<div class=\"elementor-element elementor-element-a59e44b elementor-widget elementor-widget-spacer\" data-id=\"a59e44b\" data-element_type=\"widget\" data-e-type=\"widget\" data-widget_type=\"spacer.default\">\n\t\t\t\t<div class=\"elementor-widget-container\">\n\t\t\t\t\t\t\t<div class=\"elementor-spacer\">\n\t\t\t<div class=\"elementor-spacer-inner\"><\/div>\n\t\t<\/div>\n\t\t\t\t\t\t<\/div>\n\t\t\t\t<\/div>\n\t\t\t\t<div class=\"elementor-element elementor-element-1132c1d elementor-widget elementor-widget-text-editor\" data-id=\"1132c1d\" data-element_type=\"widget\" data-e-type=\"widget\" data-widget_type=\"text-editor.default\">\n\t\t\t\t<div class=\"elementor-widget-container\">\n\t\t\t\t\t\t\t\t\t<p><strong>COLLECTION AND USE OF INFORMATION<\/strong><\/p><p><br \/>The present <strong>Privacy Policy<\/strong> regulates the navigation policy and the use of cookies, as well as the processing of personal data carried out on the website <a href=\"https:\/\/ferreiraavelar.pt\/en\/\">www.ferreiraavelar.pt<\/a> hereinafter also referred to as the \"site\").\u00a0<\/p><p><br \/>Use of the website attributes the condition of user (hereinafter also referred to as the \"user\") and implies knowledge and acceptance of all the conditions included in this Privacy Policy.<br \/>The user must read this Privacy Policy carefully each time he or she intends to use the site, as it may undergo modifications.<\/p><p><br \/>The <strong>FERREIRA AVELAR &amp; IRM\u00c3O, LDA<\/strong>, takes seriously the obligations to protect your privacy and your personal data. The purpose of this Privacy Policy is to inform you about what data is collected, how we may use such information, and how information may be corrected or amended.<\/p><p><br \/>In compliance with the Law 67\/98 of 26 October on the Protection of Personal Data, we inform you that the treatment of personal data collected on the site is the responsibility of <strong>FERREIRA AVELAR &amp; IRM\u00c3O, LDA<\/strong>.<br \/>Data collection means that your name, address, telephone number, e-mail address, are intended for customer communication, processing of enquiries and possible complaints, statistical analysis, as well as use for direct marketing purposes.<br \/><br \/>NOTE: Your information is strictly CONFIDENTIAL and may only be shared or transferred to third parties with your consent.<\/p><p><br \/><br \/><strong>SECURITY OF YOUR PERSONAL DATA<\/strong><\/p><p><br \/>The user always has the option to accept or reject the legal conditions under which they will provide this data. In case of agreement, such data is always provided by the user voluntarily, with prior indication to this effect in the corresponding box.\u00a0<\/p><p><br \/>You have the right to access this information at any time and may rectify, cancel and object to it. In addition, you may ask at any time not to be contacted further for direct marketing purposes.<br \/>You can exercise these rights by sending your request to the email address <strong><u>info@ferreiraavelar.pt<\/u><\/strong>.<br \/><br \/><strong>COOKIES<\/strong><br \/>The site uses \"cookies\". A cookie is a small amount of data sent from the server to your browser and is stored on your computer's hard drive. We generally use cookies to enable us to track your visits to our site and to facilitate the shopping process. Where necessary, we will ask for your consent.<br \/>You can set your browser to notify you when you receive a cookie so that you can decide whether to accept it or not. You can also choose to disable cookies, but you will not be able to take advantage of all the services on the website.\u00a0<br \/>For more information, please consult our\u00a0<strong>Cookies Policy<\/strong>.<br \/><br \/><strong>INTELLECTUAL PROPERTY AND COPYRIGHT<\/strong><\/p><p><strong>\u00a0<\/strong><br \/>All the information contained in this site, its graphic design, as well as its source code, constitute a work whose intellectual property belongs to <strong>FERREIRA AVELAR &amp; IRM\u00c3O, LDA<\/strong>.<\/p><p><br \/>The distribution, modification, transfer, public communication and any other act that has not been expressly authorised by the holder of the exploitation rights are prohibited.\u00a0<br \/>Domain names<strong>\u00a0ferreiraavelar.pt<\/strong>\u00a0are owned by <strong>FERREIRA AVELAR &amp; IRM\u00c3O, LDA <\/strong>and must not be used in any way that may cause confusion among our customers and\/or bring the company into disrepute.<\/p><p><br \/><br \/><strong>LIMITATION OF LIABILITY\u00a0<\/strong><\/p><p><br \/>The <strong>FERREIRA AVELAR &amp; IRM\u00c3O, LDA<\/strong>., is exonerated from any liability arising from the following: site failures caused by force majeure, unforeseeable circumstances or other causes not attributable to it, technical and\/or mechanical problems, viruses \"produced\" during the internet connection either through the site or third party sites, computer systems (software and hardware), electronic documents and files stored on computer equipment, access by minors to the contents included on the site, it being the responsibility of their parents or guardians to exercise appropriate control over the activity of their children or minors in their care.\u00a0<\/p><p><br \/>The <strong>FERREIRA AVELAR &amp; IRM\u00c3O, LDA<\/strong>is not responsible for fraudulent, speculative or bad faith acts in the use of this service.<br \/>The site www.ferreiraavelar.pt may provide links to other websites. Please be aware that from the moment you leave our site and enter another site, you may be subject to different privacy practices and policies over which our company has no control and for which it is not responsible for the veracity, updating and lawfulness of the contents of the pages which, as the case may be, are suggested by the company or appear linked and it is therefore up to the user to accept them or not. The <strong>FERREIRA AVELAR &amp; IRM\u00c3O, LDA<\/strong> is not responsible for communications which, including the name <strong>Ferreira Avelar<\/strong>have not been previously authorised by the same. To this effect, we inform you that all communications regarding actions or invitations to participate in any event related to the brand will always be published on the official website.<\/p><p><br \/><br \/><strong>PRIVACY POLICY<\/strong><\/p><p>This Privacy Policy provides you with all the information you need to make the choice to use this website or not. By using it and communicating electronically with us, you acknowledge and accept the privacy policy and authorise us to process your personal data as described in this document.<br \/><br \/><strong>QUESTIONS ABOUT THIS PRIVACY POLICY<\/strong><br \/>If you have any questions about this Privacy Policy, please contact us via the contact page on our website.<br \/><br \/><strong>SUGGESTIONS AND COMPLAINTS<\/strong><\/p><p><br \/>Suggestions and complaints may be sent by email to<strong><u>info@ferreiraavelar.pt<\/u><\/strong>or by post to: TRAVESSA DE ULFILANIS, 21O, 4505-310 FI\u00c3ES<\/p>\t\t\t\t\t\t\t\t<\/div>\n\t\t\t\t<\/div>\n\t\t\t\t<div class=\"elementor-element elementor-element-8188613 elementor-widget elementor-widget-spacer\" data-id=\"8188613\" data-element_type=\"widget\" data-e-type=\"widget\" data-widget_type=\"spacer.default\">\n\t\t\t\t<div class=\"elementor-widget-container\">\n\t\t\t\t\t\t\t<div class=\"elementor-spacer\">\n\t\t\t<div class=\"elementor-spacer-inner\"><\/div>\n\t\t<\/div>\n\t\t\t\t\t\t<\/div>\n\t\t\t\t<\/div>\n\t\t\t\t\t<\/div>\n\t\t<\/div>\n\t\t\t\t\t<\/div>\n\t\t<\/section>\n\t\t\t\t<\/div>","protected":false},"excerpt":{"rendered":"<p>Pol\u00edtica de Privacidade RECOLHA E USO DE INFORMA\u00c7\u00d5ES A presente Pol\u00edtica de Privacidade regula a pol\u00edtica de navega\u00e7\u00e3o e utiliza\u00e7\u00e3o de cookies, bem como o tratamento de dados de car\u00e1cter pessoal realizado no website www.ferreiraavelar.pt doravante tamb\u00e9m designado por &#8220;site&#8221;).\u00a0 A utiliza\u00e7\u00e3o do site atribui a condi\u00e7\u00e3o de utilizador (doravante tamb\u00e9m designado por o &#8220;utilizador&#8221;) [&hellip;]<\/p>\n","protected":false},"author":1,"featured_media":0,"parent":0,"menu_order":6,"comment_status":"closed","ping_status":"closed","template":"","meta":{"footnotes":""},"class_list":["post-884","page","type-page","status-publish","hentry"],"yoast_head":"<!-- This site is optimized with the Yoast SEO Premium plugin v19.5 (Yoast SEO v24.0) - https:\/\/yoast.com\/wordpress\/plugins\/seo\/ -->\n<title>Pol\u00edticas de Privacidade - Ferreira Avelar<\/title>\n<meta name=\"robots\" content=\"index, follow, max-snippet:-1, max-image-preview:large, max-video-preview:-1\" \/>\n<link rel=\"canonical\" href=\"https:\/\/ferreiraavelar.pt\/en\/politicas-de-privacidade\/\" \/>\n<meta property=\"og:locale\" content=\"en_GB\" \/>\n<meta property=\"og:type\" content=\"article\" \/>\n<meta property=\"og:title\" content=\"Pol\u00edticas de Privacidade\" \/>\n<meta property=\"og:description\" content=\"Pol\u00edtica de Privacidade RECOLHA E USO DE INFORMA\u00c7\u00d5ES A presente Pol\u00edtica de Privacidade regula a pol\u00edtica de navega\u00e7\u00e3o e utiliza\u00e7\u00e3o de cookies, bem como o tratamento de dados de car\u00e1cter pessoal realizado no website www.ferreiraavelar.pt doravante tamb\u00e9m designado por &#8220;site&#8221;).\u00a0 A utiliza\u00e7\u00e3o do site atribui a condi\u00e7\u00e3o de utilizador (doravante tamb\u00e9m designado por o &#8220;utilizador&#8221;) [&hellip;]\" \/>\n<meta property=\"og:url\" content=\"https:\/\/ferreiraavelar.pt\/en\/politicas-de-privacidade\/\" \/>\n<meta property=\"og:site_name\" content=\"Ferreira Avelar\" \/>\n<meta property=\"article:publisher\" content=\"https:\/\/www.facebook.com\/profile.php?id=100086281223442\" \/>\n<meta property=\"article:modified_time\" content=\"2022-11-16T17:09:40+00:00\" \/>\n<meta name=\"twitter:card\" content=\"summary_large_image\" \/>\n<meta name=\"twitter:label1\" content=\"Estimated reading time\" \/>\n\t<meta name=\"twitter:data1\" content=\"5 minutes\" \/>\n<script type=\"application\/ld+json\" class=\"yoast-schema-graph\">{\"@context\":\"https:\/\/schema.org\",\"@graph\":[{\"@type\":\"WebPage\",\"@id\":\"https:\/\/ferreiraavelar.pt\/politicas-de-privacidade\/\",\"url\":\"https:\/\/ferreiraavelar.pt\/politicas-de-privacidade\/\",\"name\":\"Pol\u00edticas de Privacidade - Ferreira Avelar\",\"isPartOf\":{\"@id\":\"https:\/\/ferreiraavelar.pt\/#website\"},\"datePublished\":\"2022-11-03T14:36:06+00:00\",\"dateModified\":\"2022-11-16T17:09:40+00:00\",\"inLanguage\":\"en-GB\",\"potentialAction\":[{\"@type\":\"ReadAction\",\"target\":[\"https:\/\/ferreiraavelar.pt\/politicas-de-privacidade\/\"]}]},{\"@type\":\"WebSite\",\"@id\":\"https:\/\/ferreiraavelar.pt\/#website\",\"url\":\"https:\/\/ferreiraavelar.pt\/\",\"name\":\"Ferreira Avelar\",\"description\":\"Since 1947\",\"publisher\":{\"@id\":\"https:\/\/ferreiraavelar.pt\/#organization\"},\"potentialAction\":[{\"@type\":\"SearchAction\",\"target\":{\"@type\":\"EntryPoint\",\"urlTemplate\":\"https:\/\/ferreiraavelar.pt\/?s={search_term_string}\"},\"query-input\":{\"@type\":\"PropertyValueSpecification\",\"valueRequired\":true,\"valueName\":\"search_term_string\"}}],\"inLanguage\":\"en-GB\"},{\"@type\":\"Organization\",\"@id\":\"https:\/\/ferreiraavelar.pt\/#organization\",\"name\":\"Ferreira Avelar\",\"url\":\"https:\/\/ferreiraavelar.pt\/\",\"logo\":{\"@type\":\"ImageObject\",\"inLanguage\":\"en-GB\",\"@id\":\"https:\/\/ferreiraavelar.pt\/#\/schema\/logo\/image\/\",\"url\":\"https:\/\/ferreiraavelar.pt\/wp-content\/uploads\/2022\/10\/logo-avelar-branco-e1666016658153.png\",\"contentUrl\":\"https:\/\/ferreiraavelar.pt\/wp-content\/uploads\/2022\/10\/logo-avelar-branco-e1666016658153.png\",\"width\":246,\"height\":80,\"caption\":\"Ferreira Avelar\"},\"image\":{\"@id\":\"https:\/\/ferreiraavelar.pt\/#\/schema\/logo\/image\/\"},\"sameAs\":[\"https:\/\/www.facebook.com\/profile.php?id=100086281223442\",\"https:\/\/www.instagram.com\/ferreiraavelar_shoes\/\",\"https:\/\/www.linkedin.com\/company\/ferreira-avelar\/\"]}]}<\/script>\n<!-- \/ Yoast SEO Premium plugin. -->","yoast_head_json":{"title":"Pol\u00edticas de Privacidade - Ferreira Avelar","robots":{"index":"index","follow":"follow","max-snippet":"max-snippet:-1","max-image-preview":"max-image-preview:large","max-video-preview":"max-video-preview:-1"},"canonical":"https:\/\/ferreiraavelar.pt\/en\/politicas-de-privacidade\/","og_locale":"en_GB","og_type":"article","og_title":"Pol\u00edticas de Privacidade","og_description":"Pol\u00edtica de Privacidade RECOLHA E USO DE INFORMA\u00c7\u00d5ES A presente Pol\u00edtica de Privacidade regula a pol\u00edtica de navega\u00e7\u00e3o e utiliza\u00e7\u00e3o de cookies, bem como o tratamento de dados de car\u00e1cter pessoal realizado no website www.ferreiraavelar.pt doravante tamb\u00e9m designado por &#8220;site&#8221;).\u00a0 A utiliza\u00e7\u00e3o do site atribui a condi\u00e7\u00e3o de utilizador (doravante tamb\u00e9m designado por o &#8220;utilizador&#8221;) [&hellip;]","og_url":"https:\/\/ferreiraavelar.pt\/en\/politicas-de-privacidade\/","og_site_name":"Ferreira Avelar","article_publisher":"https:\/\/www.facebook.com\/profile.php?id=100086281223442","article_modified_time":"2022-11-16T17:09:40+00:00","twitter_card":"summary_large_image","twitter_misc":{"Estimated reading time":"5 minutes"},"schema":{"@context":"https:\/\/schema.org","@graph":[{"@type":"WebPage","@id":"https:\/\/ferreiraavelar.pt\/politicas-de-privacidade\/","url":"https:\/\/ferreiraavelar.pt\/politicas-de-privacidade\/","name":"Pol\u00edticas de Privacidade - Ferreira Avelar","isPartOf":{"@id":"https:\/\/ferreiraavelar.pt\/#website"},"datePublished":"2022-11-03T14:36:06+00:00","dateModified":"2022-11-16T17:09:40+00:00","inLanguage":"en-GB","potentialAction":[{"@type":"ReadAction","target":["https:\/\/ferreiraavelar.pt\/politicas-de-privacidade\/"]}]},{"@type":"WebSite","@id":"https:\/\/ferreiraavelar.pt\/#website","url":"https:\/\/ferreiraavelar.pt\/","name":"Ferreira Avelar","description":"Since 1947","publisher":{"@id":"https:\/\/ferreiraavelar.pt\/#organization"},"potentialAction":[{"@type":"SearchAction","target":{"@type":"EntryPoint","urlTemplate":"https:\/\/ferreiraavelar.pt\/?s={search_term_string}"},"query-input":{"@type":"PropertyValueSpecification","valueRequired":true,"valueName":"search_term_string"}}],"inLanguage":"en-GB"},{"@type":"Organization","@id":"https:\/\/ferreiraavelar.pt\/#organization","name":"Ferreira Avelar","url":"https:\/\/ferreiraavelar.pt\/","logo":{"@type":"ImageObject","inLanguage":"en-GB","@id":"https:\/\/ferreiraavelar.pt\/#\/schema\/logo\/image\/","url":"https:\/\/ferreiraavelar.pt\/wp-content\/uploads\/2022\/10\/logo-avelar-branco-e1666016658153.png","contentUrl":"https:\/\/ferreiraavelar.pt\/wp-content\/uploads\/2022\/10\/logo-avelar-branco-e1666016658153.png","width":246,"height":80,"caption":"Ferreira Avelar"},"image":{"@id":"https:\/\/ferreiraavelar.pt\/#\/schema\/logo\/image\/"},"sameAs":["https:\/\/www.facebook.com\/profile.php?id=100086281223442","https:\/\/www.instagram.com\/ferreiraavelar_shoes\/","https:\/\/www.linkedin.com\/company\/ferreira-avelar\/"]}]}},"_links":{"self":[{"href":"https:\/\/ferreiraavelar.pt\/en\/wp-json\/wp\/v2\/pages\/884","targetHints":{"allow":["GET"]}}],"collection":[{"href":"https:\/\/ferreiraavelar.pt\/en\/wp-json\/wp\/v2\/pages"}],"about":[{"href":"https:\/\/ferreiraavelar.pt\/en\/wp-json\/wp\/v2\/types\/page"}],"author":[{"embeddable":true,"href":"https:\/\/ferreiraavelar.pt\/en\/wp-json\/wp\/v2\/users\/1"}],"replies":[{"embeddable":true,"href":"https:\/\/ferreiraavelar.pt\/en\/wp-json\/wp\/v2\/comments?post=884"}],"version-history":[{"count":0,"href":"https:\/\/ferreiraavelar.pt\/en\/wp-json\/wp\/v2\/pages\/884\/revisions"}],"wp:attachment":[{"href":"https:\/\/ferreiraavelar.pt\/en\/wp-json\/wp\/v2\/media?parent=884"}],"curies":[{"name":"wp","href":"https:\/\/api.w.org\/{rel}","templated":true}]}}