{"id":892,"date":"2022-11-03T14:44:04","date_gmt":"2022-11-03T14:44:04","guid":{"rendered":"http:\/\/ferreiraavelar.pt\/?page_id=892"},"modified":"2023-01-10T18:35:50","modified_gmt":"2023-01-10T18:35:50","slug":"politica-de-cookies","status":"publish","type":"page","link":"https:\/\/ferreiraavelar.pt\/en\/politica-de-cookies\/","title":{"rendered":"Cookies Policy"},"content":{"rendered":"<div data-elementor-type=\"wp-page\" data-elementor-id=\"892\" class=\"elementor elementor-892\" data-elementor-post-type=\"page\">\n\t\t\t\t\t\t<section class=\"elementor-section elementor-top-section elementor-element elementor-element-6e533a8 elementor-section-boxed elementor-section-height-default elementor-section-height-default\" data-id=\"6e533a8\" data-element_type=\"section\" data-e-type=\"section\">\n\t\t\t\t\t\t<div class=\"elementor-container elementor-column-gap-default\">\n\t\t\t\t\t<div class=\"elementor-column elementor-col-100 elementor-top-column elementor-element elementor-element-64d354a\" data-id=\"64d354a\" data-element_type=\"column\" data-e-type=\"column\">\n\t\t\t<div class=\"elementor-widget-wrap elementor-element-populated\">\n\t\t\t\t\t\t<div class=\"elementor-element elementor-element-ecfb48b elementor-invisible elementor-widget elementor-widget-heading\" data-id=\"ecfb48b\" data-element_type=\"widget\" data-e-type=\"widget\" data-settings=\"{&quot;_animation&quot;:&quot;fadeInLeft&quot;}\" data-widget_type=\"heading.default\">\n\t\t\t\t<div class=\"elementor-widget-container\">\n\t\t\t\t\t<h4 class=\"elementor-heading-title elementor-size-default\">Cookies Policy<\/h4>\t\t\t\t<\/div>\n\t\t\t\t<\/div>\n\t\t\t\t\t<\/div>\n\t\t<\/div>\n\t\t\t\t\t<\/div>\n\t\t<\/section>\n\t\t\t\t<section class=\"elementor-section elementor-top-section elementor-element elementor-element-17d8f10 elementor-section-boxed elementor-section-height-default elementor-section-height-default\" data-id=\"17d8f10\" data-element_type=\"section\" data-e-type=\"section\">\n\t\t\t\t\t\t<div class=\"elementor-container elementor-column-gap-default\">\n\t\t\t\t\t<div class=\"elementor-column elementor-col-100 elementor-top-column elementor-element elementor-element-c8bbd14\" data-id=\"c8bbd14\" data-element_type=\"column\" data-e-type=\"column\">\n\t\t\t<div class=\"elementor-widget-wrap elementor-element-populated\">\n\t\t\t\t\t\t<div class=\"elementor-element elementor-element-10148f6 elementor-widget elementor-widget-spacer\" data-id=\"10148f6\" data-element_type=\"widget\" data-e-type=\"widget\" data-widget_type=\"spacer.default\">\n\t\t\t\t<div class=\"elementor-widget-container\">\n\t\t\t\t\t\t\t<div class=\"elementor-spacer\">\n\t\t\t<div class=\"elementor-spacer-inner\"><\/div>\n\t\t<\/div>\n\t\t\t\t\t\t<\/div>\n\t\t\t\t<\/div>\n\t\t\t\t<div class=\"elementor-element elementor-element-0be7cfc elementor-widget elementor-widget-text-editor\" data-id=\"0be7cfc\" data-element_type=\"widget\" data-e-type=\"widget\" data-widget_type=\"text-editor.default\">\n\t\t\t\t<div class=\"elementor-widget-container\">\n\t\t\t\t\t\t\t\t\t<p>This website uses&nbsp;<em>cookies<\/em>&nbsp;to improve their service.<\/p>\n<p><strong>1. What are&nbsp;<em>cookies<\/em><\/strong>?<br>The&nbsp;<em>cookies<\/em>&nbsp;are small text files that a&nbsp;<em>website,<\/em>when visited by the user, is placed on his computer or mobile device through the internet browser. The placement of&nbsp;<em>cookies<\/em>&nbsp;will help the&nbsp;<em>site<\/em>&nbsp;to recognise your device the next time you visit.&nbsp;<\/p>\n<p>Some&nbsp;<em>cookies<\/em>&nbsp;are essential to ensure the functionality provided, while others are intended to improve performance and user experience. You should no longer access our&nbsp;<em>website,<\/em>&nbsp;after the cookie alert if you do not agree to their use.<\/p>\n<p><strong>What kind of<em>cookies<\/em>&nbsp;we use<\/strong>?&nbsp;<\/p>\n<table width=\"596\">\n<thead>\n<tr>\n<td width=\"191\">\n<p><strong>ORIGIN<\/strong><\/p>\n<\/td>\n<td width=\"191\">\n<p><strong>NAME COOKIE<\/strong><\/p>\n<\/td>\n<td width=\"382\">\n<p><strong>PURPOSE<\/strong><\/p>\n<\/td>\n<td width=\"191\">\n<p><strong>EXPIRE<\/strong><\/p>\n<\/td>\n<\/tr>\n<\/thead>\n<tbody>\n<tr>\n<td rowspan=\"2\" width=\"191\">\n<p>LOCAMA<\/p>\n<\/td>\n<td width=\"191\">\n<p>PHPSESSID<\/p>\n<\/td>\n<td width=\"382\">\n<p>It is used by the PHP language to allow session variables to be stored on the web server. This cookie is essential for the website to function.<\/p>\n<\/td>\n<td width=\"191\">\n<p>When the browser is closed<\/p>\n<\/td>\n<\/tr>\n<tr>\n<td width=\"191\">\n<p>allowCookies<\/p>\n<\/td>\n<td width=\"382\">\n<p>Used to monitor user acceptance of the site's cookie policy<\/p>\n<\/td>\n<td width=\"191\">\n<p>After 1 year<\/p>\n<\/td>\n<\/tr>\n<tr>\n<td width=\"191\">\n<p>AddThis<\/p>\n<\/td>\n<td width=\"191\">\n<p>__atuvc<\/p>\n<\/td>\n<td width=\"382\">\n<p>Created and read by AddThis, a JavaScript site for sharing on social networks. Stores the number of shares of a page.<\/p>\n<\/td>\n<td width=\"191\">\n<p>After 2 years<\/p>\n<\/td>\n<\/tr>\n<tr>\n<td rowspan=\"4\" width=\"191\">\n<p>Google<br>(<a href=\"https:\/\/developers.google.com\/analytics\/devguides\/collection\/gtagjs\/cookie-usage\"><strong>Learn More<\/strong><\/a>)<\/p>\n<\/td>\n<td width=\"191\">\n<p>_ga<\/p>\n<\/td>\n<td width=\"382\">\n<p>Used to distinguish between users.<\/p>\n<\/td>\n<td width=\"191\">\n<p>After 2 years<\/p>\n<\/td>\n<\/tr>\n<tr>\n<td width=\"191\">\n<p>_gat<\/p>\n<\/td>\n<td width=\"382\">\n<p>Used to speed up the percentage of requests.<\/p>\n<\/td>\n<td width=\"191\">\n<p>After 1 minute<\/p>\n<\/td>\n<\/tr>\n<tr>\n<td width=\"191\">\n<p>gat_gtag_UA<\/p>\n<\/td>\n<td width=\"382\">\n<p>Contains information related to campaigns for the user. When you link your Google Analytics and Google AdWords accounts, Google AdWords website conversion tags will analyse this cookie unless it is inactive.<\/p>\n<\/td>\n<td width=\"191\">\n<p>After 1 minute<\/p>\n<\/td>\n<\/tr>\n<tr>\n<td width=\"191\">\n<p>gid<\/p>\n<\/td>\n<td width=\"382\">\n<p>Used to distinguish between users.<\/p>\n<\/td>\n<td width=\"191\">\n<p>After 1 day<\/p>\n<\/td>\n<\/tr>\n<\/tbody>\n<\/table>\n<ol start=\"2\">\n<li>\n<p><strong> Accept\/reject cookies<\/strong><br>You may at any time choose to accept or decline the installation of&nbsp;<em>cookies&nbsp;<\/em>on your terminal, configuring the navigation software.&nbsp;<\/p>\n<p><strong>2.1 If you accept cookies<\/strong>&nbsp;<br>Registering a cookie on your terminal is at your discretion. At any time, you can express and modify your choice free of charge via the options provided by your browser software.&nbsp;<\/p>\n<p>If you have agreed to cookies being saved on your device in the browser software that you use, the cookies embedded in the pages and content that you consult may be temporarily stored in a specific space on your device. In this space, they will only be readable by their issuer.&nbsp;<\/p>\n<p><strong>2.2 What is the point of accepting cookies?&nbsp;<\/strong><br>When you visit the www.ferreiraavelar.pt website, these cookies will record certain information that is stored on your terminal. This information is used, in particular, to offer you products based on the items you have already selected during your previous visits, and thus allow you to benefit from better browsing on our website.&nbsp;<\/p>\n<p><strong>2.3 If you refuse&nbsp;<em>cookies&nbsp;<\/em><\/strong><br>When refusing&nbsp;<em>cookies,<\/em>&nbsp;we have however installed a&nbsp;<em>cookie<\/em>&nbsp;of&nbsp;<em>\"refusal<\/em>\". This&nbsp;<em>cookie&nbsp;<\/em>allows us to remember your choice so that we do not have to ask you at each visit whether you wish to accept or decline cookies.<\/p>\n<p><strong>2.4 Configuration of your browser<\/strong><br>The configuration of the management of cookies depends on each browser and is present in the help menu of your browser.<\/p>\n<p><strong>In Internet Explorer<\/strong><br>To customise the cookie settings for a webpage<br>In Internet Explorer, click on the Tools button and then Internet Options.<br>Click the Privacy tab, and then click Sites.<br>In the Website Address space, enter the full address (URL) of the webpage whose privacy settings you want to customise.&nbsp;<br>For example, http:\/\/www.microsoft.com.<br>To allow cookies from the specified webpage to be registered on your computer, click Allow. To prohibit cookies from logging the specified webpage to your computer, click Block.<br>Repeat steps 3 and 4 for each webpage you want to block or allow. When done, click OK twice.<\/p>\n<p><strong>In Safari<\/strong><br>Go to Preferences, click on the Privacy panel and then Manage Cookies.<\/p>\n<p><strong>In Chrome<\/strong><br>Click on the Chrome menu which is situated on the browser toolbar.<br>Select Settings.<br>Click Show advanced settings.<br>In the \"Privacy\" section, click on the Content settings button.<br>In the \"Cookies\" section you can modify the following settings:<br>Delete cookies&nbsp;<br>Block cookies by default&nbsp;<br>Allow cookies by default<br>Make exceptions for cookies from specific websites or domains.<\/p>\n<p><strong>In Firefox<\/strong><br>Click on the Tools button and then on Options.<br>Click the Privacy tab.<br>In History, select \"Use custom settings for history.\"<br>Tick the \"accept cookies\" box and click on exceptions to choose the websites that will or will not be allowed to install cookies on your terminal.<\/p>\n<p><\/p><\/li>\n<\/ol>\n<p><strong>In Opera<\/strong><br>Preferences &gt; Advanced &gt; Cookies&nbsp;<br>Cookie preferences allow you to control how Opera manages cookies. The default setting is to accept all cookies.<br>Accept cookies&nbsp;<br>- All cookies are accepted (by default)<br>Accept cookies only from the site I visit&nbsp;<br>- Third-party cookies from a domain outside the one you are visiting will be refused<br>Never accept cookies&nbsp;<br>- All cookies will be rejected<\/p>\n<p><strong>3. Legal Notification Update<\/strong><br>The <strong>FERREIRA AVELAR &amp; IRM\u00c3O, LDA <\/strong>reserves the right to make any changes or corrections to this cookie notice. Please check this page regularly to review the information and see if there are any updates.<\/p>\n<p>This notification was updated on 01 March 2022.<\/p>\t\t\t\t\t\t\t\t<\/div>\n\t\t\t\t<\/div>\n\t\t\t\t<div class=\"elementor-element elementor-element-2621029 elementor-widget elementor-widget-spacer\" data-id=\"2621029\" data-element_type=\"widget\" data-e-type=\"widget\" data-widget_type=\"spacer.default\">\n\t\t\t\t<div class=\"elementor-widget-container\">\n\t\t\t\t\t\t\t<div class=\"elementor-spacer\">\n\t\t\t<div class=\"elementor-spacer-inner\"><\/div>\n\t\t<\/div>\n\t\t\t\t\t\t<\/div>\n\t\t\t\t<\/div>\n\t\t\t\t\t<\/div>\n\t\t<\/div>\n\t\t\t\t\t<\/div>\n\t\t<\/section>\n\t\t\t\t<\/div>","protected":false},"excerpt":{"rendered":"<p>Pol\u00edtica de Cookies Este website utiliza&nbsp;cookies&nbsp;para melhorar o seu servi\u00e7o. 1. O que s\u00e3o&nbsp;cookies?Os&nbsp;cookies&nbsp;s\u00e3o pequenos ficheiros de texto que um&nbsp;website, ao ser visitado pelo utilizador, coloca no seu computador ou no seu dispositivo m\u00f3vel atrav\u00e9s do navegador de internet (browser). A coloca\u00e7\u00e3o de&nbsp;cookies&nbsp;ajudar\u00e1 o&nbsp;site&nbsp;a reconhecer o seu dispositivo na pr\u00f3xima vez que o utilizador o [&hellip;]<\/p>\n","protected":false},"author":1,"featured_media":0,"parent":0,"menu_order":7,"comment_status":"closed","ping_status":"closed","template":"","meta":{"footnotes":""},"class_list":["post-892","page","type-page","status-publish","hentry"],"yoast_head":"<!-- This site is optimized with the Yoast SEO Premium plugin v19.5 (Yoast SEO v24.0) - https:\/\/yoast.com\/wordpress\/plugins\/seo\/ -->\n<title>Pol\u00edtica de Cookies - Ferreira Avelar<\/title>\n<meta name=\"robots\" content=\"index, follow, max-snippet:-1, max-image-preview:large, max-video-preview:-1\" \/>\n<link rel=\"canonical\" href=\"https:\/\/ferreiraavelar.pt\/en\/politica-de-cookies\/\" \/>\n<meta property=\"og:locale\" content=\"en_GB\" \/>\n<meta property=\"og:type\" content=\"article\" \/>\n<meta property=\"og:title\" content=\"Pol\u00edtica de Cookies\" \/>\n<meta property=\"og:description\" content=\"Pol\u00edtica de Cookies Este website utiliza&nbsp;cookies&nbsp;para melhorar o seu servi\u00e7o. 1. O que s\u00e3o&nbsp;cookies?Os&nbsp;cookies&nbsp;s\u00e3o pequenos ficheiros de texto que um&nbsp;website, ao ser visitado pelo utilizador, coloca no seu computador ou no seu dispositivo m\u00f3vel atrav\u00e9s do navegador de internet (browser). A coloca\u00e7\u00e3o de&nbsp;cookies&nbsp;ajudar\u00e1 o&nbsp;site&nbsp;a reconhecer o seu dispositivo na pr\u00f3xima vez que o utilizador o [&hellip;]\" \/>\n<meta property=\"og:url\" content=\"https:\/\/ferreiraavelar.pt\/en\/politica-de-cookies\/\" \/>\n<meta property=\"og:site_name\" content=\"Ferreira Avelar\" \/>\n<meta property=\"article:publisher\" content=\"https:\/\/www.facebook.com\/profile.php?id=100086281223442\" \/>\n<meta property=\"article:modified_time\" content=\"2023-01-10T18:35:50+00:00\" \/>\n<meta name=\"twitter:card\" content=\"summary_large_image\" \/>\n<meta name=\"twitter:label1\" content=\"Estimated reading time\" \/>\n\t<meta name=\"twitter:data1\" content=\"5 minutes\" \/>\n<script type=\"application\/ld+json\" class=\"yoast-schema-graph\">{\"@context\":\"https:\/\/schema.org\",\"@graph\":[{\"@type\":\"WebPage\",\"@id\":\"https:\/\/ferreiraavelar.pt\/politica-de-cookies\/\",\"url\":\"https:\/\/ferreiraavelar.pt\/politica-de-cookies\/\",\"name\":\"Pol\u00edtica de Cookies - Ferreira Avelar\",\"isPartOf\":{\"@id\":\"https:\/\/ferreiraavelar.pt\/#website\"},\"datePublished\":\"2022-11-03T14:44:04+00:00\",\"dateModified\":\"2023-01-10T18:35:50+00:00\",\"inLanguage\":\"en-GB\",\"potentialAction\":[{\"@type\":\"ReadAction\",\"target\":[\"https:\/\/ferreiraavelar.pt\/politica-de-cookies\/\"]}]},{\"@type\":\"WebSite\",\"@id\":\"https:\/\/ferreiraavelar.pt\/#website\",\"url\":\"https:\/\/ferreiraavelar.pt\/\",\"name\":\"Ferreira Avelar\",\"description\":\"Since 1947\",\"publisher\":{\"@id\":\"https:\/\/ferreiraavelar.pt\/#organization\"},\"potentialAction\":[{\"@type\":\"SearchAction\",\"target\":{\"@type\":\"EntryPoint\",\"urlTemplate\":\"https:\/\/ferreiraavelar.pt\/?s={search_term_string}\"},\"query-input\":{\"@type\":\"PropertyValueSpecification\",\"valueRequired\":true,\"valueName\":\"search_term_string\"}}],\"inLanguage\":\"en-GB\"},{\"@type\":\"Organization\",\"@id\":\"https:\/\/ferreiraavelar.pt\/#organization\",\"name\":\"Ferreira Avelar\",\"url\":\"https:\/\/ferreiraavelar.pt\/\",\"logo\":{\"@type\":\"ImageObject\",\"inLanguage\":\"en-GB\",\"@id\":\"https:\/\/ferreiraavelar.pt\/#\/schema\/logo\/image\/\",\"url\":\"https:\/\/ferreiraavelar.pt\/wp-content\/uploads\/2022\/10\/logo-avelar-branco-e1666016658153.png\",\"contentUrl\":\"https:\/\/ferreiraavelar.pt\/wp-content\/uploads\/2022\/10\/logo-avelar-branco-e1666016658153.png\",\"width\":246,\"height\":80,\"caption\":\"Ferreira Avelar\"},\"image\":{\"@id\":\"https:\/\/ferreiraavelar.pt\/#\/schema\/logo\/image\/\"},\"sameAs\":[\"https:\/\/www.facebook.com\/profile.php?id=100086281223442\",\"https:\/\/www.instagram.com\/ferreiraavelar_shoes\/\",\"https:\/\/www.linkedin.com\/company\/ferreira-avelar\/\"]}]}<\/script>\n<!-- \/ Yoast SEO Premium plugin. -->","yoast_head_json":{"title":"Pol\u00edtica de Cookies - Ferreira Avelar","robots":{"index":"index","follow":"follow","max-snippet":"max-snippet:-1","max-image-preview":"max-image-preview:large","max-video-preview":"max-video-preview:-1"},"canonical":"https:\/\/ferreiraavelar.pt\/en\/politica-de-cookies\/","og_locale":"en_GB","og_type":"article","og_title":"Pol\u00edtica de Cookies","og_description":"Pol\u00edtica de Cookies Este website utiliza&nbsp;cookies&nbsp;para melhorar o seu servi\u00e7o. 1. O que s\u00e3o&nbsp;cookies?Os&nbsp;cookies&nbsp;s\u00e3o pequenos ficheiros de texto que um&nbsp;website, ao ser visitado pelo utilizador, coloca no seu computador ou no seu dispositivo m\u00f3vel atrav\u00e9s do navegador de internet (browser). A coloca\u00e7\u00e3o de&nbsp;cookies&nbsp;ajudar\u00e1 o&nbsp;site&nbsp;a reconhecer o seu dispositivo na pr\u00f3xima vez que o utilizador o [&hellip;]","og_url":"https:\/\/ferreiraavelar.pt\/en\/politica-de-cookies\/","og_site_name":"Ferreira Avelar","article_publisher":"https:\/\/www.facebook.com\/profile.php?id=100086281223442","article_modified_time":"2023-01-10T18:35:50+00:00","twitter_card":"summary_large_image","twitter_misc":{"Estimated reading time":"5 minutes"},"schema":{"@context":"https:\/\/schema.org","@graph":[{"@type":"WebPage","@id":"https:\/\/ferreiraavelar.pt\/politica-de-cookies\/","url":"https:\/\/ferreiraavelar.pt\/politica-de-cookies\/","name":"Pol\u00edtica de Cookies - Ferreira Avelar","isPartOf":{"@id":"https:\/\/ferreiraavelar.pt\/#website"},"datePublished":"2022-11-03T14:44:04+00:00","dateModified":"2023-01-10T18:35:50+00:00","inLanguage":"en-GB","potentialAction":[{"@type":"ReadAction","target":["https:\/\/ferreiraavelar.pt\/politica-de-cookies\/"]}]},{"@type":"WebSite","@id":"https:\/\/ferreiraavelar.pt\/#website","url":"https:\/\/ferreiraavelar.pt\/","name":"Ferreira Avelar","description":"Since 1947","publisher":{"@id":"https:\/\/ferreiraavelar.pt\/#organization"},"potentialAction":[{"@type":"SearchAction","target":{"@type":"EntryPoint","urlTemplate":"https:\/\/ferreiraavelar.pt\/?s={search_term_string}"},"query-input":{"@type":"PropertyValueSpecification","valueRequired":true,"valueName":"search_term_string"}}],"inLanguage":"en-GB"},{"@type":"Organization","@id":"https:\/\/ferreiraavelar.pt\/#organization","name":"Ferreira Avelar","url":"https:\/\/ferreiraavelar.pt\/","logo":{"@type":"ImageObject","inLanguage":"en-GB","@id":"https:\/\/ferreiraavelar.pt\/#\/schema\/logo\/image\/","url":"https:\/\/ferreiraavelar.pt\/wp-content\/uploads\/2022\/10\/logo-avelar-branco-e1666016658153.png","contentUrl":"https:\/\/ferreiraavelar.pt\/wp-content\/uploads\/2022\/10\/logo-avelar-branco-e1666016658153.png","width":246,"height":80,"caption":"Ferreira Avelar"},"image":{"@id":"https:\/\/ferreiraavelar.pt\/#\/schema\/logo\/image\/"},"sameAs":["https:\/\/www.facebook.com\/profile.php?id=100086281223442","https:\/\/www.instagram.com\/ferreiraavelar_shoes\/","https:\/\/www.linkedin.com\/company\/ferreira-avelar\/"]}]}},"_links":{"self":[{"href":"https:\/\/ferreiraavelar.pt\/en\/wp-json\/wp\/v2\/pages\/892","targetHints":{"allow":["GET"]}}],"collection":[{"href":"https:\/\/ferreiraavelar.pt\/en\/wp-json\/wp\/v2\/pages"}],"about":[{"href":"https:\/\/ferreiraavelar.pt\/en\/wp-json\/wp\/v2\/types\/page"}],"author":[{"embeddable":true,"href":"https:\/\/ferreiraavelar.pt\/en\/wp-json\/wp\/v2\/users\/1"}],"replies":[{"embeddable":true,"href":"https:\/\/ferreiraavelar.pt\/en\/wp-json\/wp\/v2\/comments?post=892"}],"version-history":[{"count":0,"href":"https:\/\/ferreiraavelar.pt\/en\/wp-json\/wp\/v2\/pages\/892\/revisions"}],"wp:attachment":[{"href":"https:\/\/ferreiraavelar.pt\/en\/wp-json\/wp\/v2\/media?parent=892"}],"curies":[{"name":"wp","href":"https:\/\/api.w.org\/{rel}","templated":true}]}}